{"id":11,"date":"2023-11-15T23:10:32","date_gmt":"2023-11-15T22:10:32","guid":{"rendered":"http:\/\/gscheuerwand.de\/SGG23\/?page_id=11"},"modified":"2026-03-11T13:05:09","modified_gmt":"2026-03-11T12:05:09","slug":"die-schuetzengesellschaft-gscheuerwand","status":"publish","type":"page","link":"https:\/\/gscheuerwand.de\/SGG23\/","title":{"rendered":"Die Sch\u00fctzengesellschaft Gscheuerwand"},"content":{"rendered":"\n<figure class=\"wp-block-image size-large\"><img loading=\"lazy\" decoding=\"async\" width=\"1024\" height=\"683\" src=\"http:\/\/gscheuerwand.de\/SGG23\/wp-content\/uploads\/2023\/11\/Gscheuerwand-150-Jahre-Festabend-09-1024x683.jpg\" alt=\"\" class=\"wp-image-99\" style=\"aspect-ratio:4\/3;object-fit:contain\" srcset=\"https:\/\/gscheuerwand.de\/SGG23\/wp-content\/uploads\/2023\/11\/Gscheuerwand-150-Jahre-Festabend-09-1024x683.jpg 1024w, https:\/\/gscheuerwand.de\/SGG23\/wp-content\/uploads\/2023\/11\/Gscheuerwand-150-Jahre-Festabend-09-300x200.jpg 300w, https:\/\/gscheuerwand.de\/SGG23\/wp-content\/uploads\/2023\/11\/Gscheuerwand-150-Jahre-Festabend-09-768x512.jpg 768w, https:\/\/gscheuerwand.de\/SGG23\/wp-content\/uploads\/2023\/11\/Gscheuerwand-150-Jahre-Festabend-09-1536x1024.jpg 1536w, https:\/\/gscheuerwand.de\/SGG23\/wp-content\/uploads\/2023\/11\/Gscheuerwand-150-Jahre-Festabend-09-2048x1365.jpg 2048w\" sizes=\"auto, (max-width: 1024px) 100vw, 1024px\" \/><\/figure>\n\n\n\n<div class=\"wp-block-columns is-layout-flex wp-container-core-columns-is-layout-28f84493 wp-block-columns-is-layout-flex\">\n<div class=\"wp-block-column is-layout-flow wp-block-column-is-layout-flow\">\n<p>Im Jahr 1872 gr\u00fcndeten die Mitglieder die damalige &#8222;Zimmerstutzengesellschaft&#8220;, die heute Sch\u00fctzengesellschaft Gscheuerwand in Unterw\u00f6ssen. Die Mitglieder betreiben den Luftgewehr- und Luftpistolensport. Im Jahr 1986 wurde im Obergeschoss des Unterw\u00f6ssner Hallenbades ein zw\u00f6lfz\u00fcgiger Schie\u00dfstand eingerichtet, an den ein gem\u00fctliches Sch\u00fctzenst\u00fcberl angegliedert ist. <\/p>\n\n\n\n<p><\/p>\n<\/div>\n\n\n\n<div class=\"wp-block-column is-layout-flow wp-block-column-is-layout-flow\">\n<p>Der Verein tr\u00e4gt von September bis April immer freitags auf dem Schie\u00dfstand ein Vortelschie\u00dfen aus. Traditionelle Veranstaltungen wie das T\u00f6rggelen-, das Weihnachts- und das Ostereierschie\u00dfen, dazu verschiedene Geburtstagsscheiben bringen Abwechslung in das Jahresprogramm. W\u00e4hrend der Sommermonate richtet der Verein f\u00fcr die Ferieng\u00e4ste einmal w\u00f6chentlich einen Schie\u00dfwettbewerb aus. <\/p>\n\n\n\n<p class=\"has-text-align-right\"><a href=\"http:\/\/gscheuerwand.de\/SGG23\/verein\/der-verein\/\" data-type=\"post\" data-id=\"1319\">&gt;&gt; mehr<\/a><\/p>\n\n\n\n<p><\/p>\n<\/div>\n<\/div>\n\n\n\n<h2 class=\"wp-block-heading\">Aktuelles<\/h2>\n\n\n\n<div class=\"wp-block-columns is-layout-flex wp-container-core-columns-is-layout-28f84493 wp-block-columns-is-layout-flex\">\n<div class=\"wp-block-column is-layout-flow wp-block-column-is-layout-flow\">\n<figure class=\"wp-block-embed is-type-wp-embed is-provider-einbettung wp-block-embed-einbettung\"><div class=\"wp-block-embed__wrapper\">\n<blockquote class=\"wp-embedded-content\" data-secret=\"XhsoBuLV82\"><a href=\"https:\/\/gscheuerwand.de\/SGG23\/sport\/13-vereinspokalschiessen-2026-in-unterwoessen-sg-gscheuerwand-laedt-vereine-ein\/\">13. Vereinspokal-Schie\u00dfen<\/a><\/blockquote><iframe loading=\"lazy\" class=\"wp-embedded-content\" sandbox=\"allow-scripts\" security=\"restricted\" style=\"position: absolute; visibility: hidden;\" title=\"&#8222;13. Vereinspokal-Schie\u00dfen&#8220; &#8211; \" src=\"https:\/\/gscheuerwand.de\/SGG23\/sport\/13-vereinspokalschiessen-2026-in-unterwoessen-sg-gscheuerwand-laedt-vereine-ein\/embed\/#?secret=ABfbWLIou0#?secret=XhsoBuLV82\" data-secret=\"XhsoBuLV82\" width=\"500\" height=\"282\" frameborder=\"0\" marginwidth=\"0\" marginheight=\"0\" scrolling=\"no\"><\/iframe>\n<\/div><\/figure>\n<\/div>\n\n\n\n<div class=\"wp-block-column is-layout-flow wp-block-column-is-layout-flow\">\n<figure class=\"wp-block-embed is-type-wp-embed is-provider-einbettung wp-block-embed-einbettung\"><div class=\"wp-block-embed__wrapper\">\n<blockquote class=\"wp-embedded-content\" data-secret=\"T4u5vsFnEf\"><a href=\"https:\/\/gscheuerwand.de\/SGG23\/sport\/zwischenergebnisse-vereinspokalschiessen-2026-unterwoessen-sg-gscheuerwand\/\">13. Vereinspokal-Schie\u00dfen &#8211; Zwischenst\u00e4nde<\/a><\/blockquote><iframe loading=\"lazy\" class=\"wp-embedded-content\" sandbox=\"allow-scripts\" security=\"restricted\" style=\"position: absolute; visibility: hidden;\" title=\"&#8222;13. Vereinspokal-Schie\u00dfen &#8211; Zwischenst\u00e4nde&#8220; &#8211; \" src=\"https:\/\/gscheuerwand.de\/SGG23\/sport\/zwischenergebnisse-vereinspokalschiessen-2026-unterwoessen-sg-gscheuerwand\/embed\/#?secret=6RpLnSIIwX#?secret=T4u5vsFnEf\" data-secret=\"T4u5vsFnEf\" width=\"500\" height=\"282\" frameborder=\"0\" marginwidth=\"0\" marginheight=\"0\" scrolling=\"no\"><\/iframe>\n<\/div><\/figure>\n<\/div>\n<\/div>\n\n\n\n<div class=\"wp-block-columns is-layout-flex wp-container-core-columns-is-layout-28f84493 wp-block-columns-is-layout-flex\">\n<div class=\"wp-block-column is-layout-flow wp-block-column-is-layout-flow\">\n<figure class=\"wp-block-embed is-type-wp-embed is-provider-einbettung wp-block-embed-einbettung\"><div class=\"wp-block-embed__wrapper\">\n<blockquote class=\"wp-embedded-content\" data-secret=\"tR7vGLN1ZH\"><a href=\"https:\/\/gscheuerwand.de\/SGG23\/sport\/drei-vereine-schiessen\/\">Drei-Vereine-Schie\u00dfen<\/a><\/blockquote><iframe loading=\"lazy\" class=\"wp-embedded-content\" sandbox=\"allow-scripts\" security=\"restricted\" style=\"position: absolute; visibility: hidden;\" title=\"&#8222;Drei-Vereine-Schie\u00dfen&#8220; &#8211; \" src=\"https:\/\/gscheuerwand.de\/SGG23\/sport\/drei-vereine-schiessen\/embed\/#?secret=1UMzi8pqsj#?secret=tR7vGLN1ZH\" data-secret=\"tR7vGLN1ZH\" width=\"500\" height=\"282\" frameborder=\"0\" marginwidth=\"0\" marginheight=\"0\" scrolling=\"no\"><\/iframe>\n<\/div><\/figure>\n<\/div>\n\n\n\n<div class=\"wp-block-column is-layout-flow wp-block-column-is-layout-flow\">\n<figure class=\"wp-block-embed is-type-wp-embed is-provider-einbettung wp-block-embed-einbettung\"><div class=\"wp-block-embed__wrapper\">\n<blockquote class=\"wp-embedded-content\" data-secret=\"XRaBY1nNLn\"><a href=\"https:\/\/gscheuerwand.de\/SGG23\/aktuelles\/12-vereinspokal-schiessen-gebirgsschuetzen-dominieren\/\">12. Vereinspokal-Schie\u00dfen: Gebirgssch\u00fctzen dominieren<\/a><\/blockquote><iframe loading=\"lazy\" class=\"wp-embedded-content\" sandbox=\"allow-scripts\" security=\"restricted\" style=\"position: absolute; visibility: hidden;\" title=\"&#8222;12. Vereinspokal-Schie\u00dfen: Gebirgssch\u00fctzen dominieren&#8220; &#8211; \" src=\"https:\/\/gscheuerwand.de\/SGG23\/aktuelles\/12-vereinspokal-schiessen-gebirgsschuetzen-dominieren\/embed\/#?secret=fy49D9rd0u#?secret=XRaBY1nNLn\" data-secret=\"XRaBY1nNLn\" width=\"500\" height=\"282\" frameborder=\"0\" marginwidth=\"0\" marginheight=\"0\" scrolling=\"no\"><\/iframe>\n<\/div><\/figure>\n<\/div>\n<\/div>\n\n\n\n<div class=\"wp-block-columns is-layout-flex wp-container-core-columns-is-layout-28f84493 wp-block-columns-is-layout-flex\">\n<div class=\"wp-block-column is-layout-flow wp-block-column-is-layout-flow\">\n<figure class=\"wp-block-embed is-type-wp-embed is-provider-einbettung wp-block-embed-einbettung\"><div class=\"wp-block-embed__wrapper\">\n<blockquote class=\"wp-embedded-content\" data-secret=\"pfXQfwK04D\"><a href=\"https:\/\/gscheuerwand.de\/SGG23\/aktuelles\/koenigsschiessen-2023\/\">K\u00f6nigsschie\u00dfen 2023<\/a><\/blockquote><iframe loading=\"lazy\" class=\"wp-embedded-content\" sandbox=\"allow-scripts\" security=\"restricted\" style=\"position: absolute; visibility: hidden;\" title=\"&#8222;K\u00f6nigsschie\u00dfen 2023&#8220; &#8211; \" src=\"https:\/\/gscheuerwand.de\/SGG23\/aktuelles\/koenigsschiessen-2023\/embed\/#?secret=FCOfOtTVU2#?secret=pfXQfwK04D\" data-secret=\"pfXQfwK04D\" width=\"500\" height=\"282\" frameborder=\"0\" marginwidth=\"0\" marginheight=\"0\" scrolling=\"no\"><\/iframe>\n<\/div><\/figure>\n<\/div>\n\n\n\n<div class=\"wp-block-column is-layout-flow wp-block-column-is-layout-flow\">\n<figure class=\"wp-block-embed is-type-wp-embed is-provider-einbettung wp-block-embed-einbettung\"><div class=\"wp-block-embed__wrapper\">\n<blockquote class=\"wp-embedded-content\" data-secret=\"LYilQ4xtLJ\"><a href=\"https:\/\/gscheuerwand.de\/SGG23\/aktuelles\/jahreshauptversammlung-2023\/\">Jahreshauptversammlung 2023<\/a><\/blockquote><iframe loading=\"lazy\" class=\"wp-embedded-content\" sandbox=\"allow-scripts\" security=\"restricted\" style=\"position: absolute; visibility: hidden;\" title=\"&#8222;Jahreshauptversammlung 2023&#8220; &#8211; \" src=\"https:\/\/gscheuerwand.de\/SGG23\/aktuelles\/jahreshauptversammlung-2023\/embed\/#?secret=4VNMM2ey7Q#?secret=LYilQ4xtLJ\" data-secret=\"LYilQ4xtLJ\" width=\"500\" height=\"282\" frameborder=\"0\" marginwidth=\"0\" marginheight=\"0\" scrolling=\"no\"><\/iframe>\n<\/div><\/figure>\n<\/div>\n<\/div>\n\n\n\n<hr class=\"wp-block-separator has-alpha-channel-opacity\"\/>\n\n\n\n<hr class=\"wp-block-separator has-alpha-channel-opacity\"\/>\n\n\n\n<div class=\"wp-block-query alignwide is-content-justification-center is-layout-constrained wp-container-core-query-is-layout-eba2ccd7 wp-block-query-is-layout-constrained\"><\/div>\n","protected":false},"excerpt":{"rendered":"<p>Im Jahr 1872 gr\u00fcndeten die Mitglieder die damalige &#8222;Zimmerstutzengesellschaft&#8220;, die heute Sch\u00fctzengesellschaft Gscheuerwand in Unterw\u00f6ssen. Die Mitglieder betreiben den Luftgewehr- und Luftpistolensport. Im Jahr 1986 wurde im Obergeschoss des Unterw\u00f6ssner [&hellip;]<\/p>\n","protected":false},"author":1,"featured_media":0,"parent":0,"menu_order":0,"comment_status":"closed","ping_status":"closed","template":"","meta":{"site-sidebar-layout":"default","site-content-layout":"","ast-site-content-layout":"default","site-content-style":"default","site-sidebar-style":"default","ast-global-header-display":"","ast-banner-title-visibility":"","ast-main-header-display":"","ast-hfb-above-header-display":"","ast-hfb-below-header-display":"","ast-hfb-mobile-header-display":"","site-post-title":"","ast-breadcrumbs-content":"","ast-featured-img":"disabled","footer-sml-layout":"","ast-disable-related-posts":"","theme-transparent-header-meta":"","adv-header-id-meta":"","stick-header-meta":"","header-above-stick-meta":"","header-main-stick-meta":"","header-below-stick-meta":"","astra-migrate-meta-layouts":"set","ast-page-background-enabled":"default","ast-page-background-meta":{"desktop":{"background-color":"","background-image":"","background-repeat":"repeat","background-position":"center center","background-size":"auto","background-attachment":"scroll","background-type":"","background-media":"","overlay-type":"","overlay-color":"","overlay-opacity":"","overlay-gradient":""},"tablet":{"background-color":"","background-image":"","background-repeat":"repeat","background-position":"center center","background-size":"auto","background-attachment":"scroll","background-type":"","background-media":"","overlay-type":"","overlay-color":"","overlay-opacity":"","overlay-gradient":""},"mobile":{"background-color":"","background-image":"","background-repeat":"repeat","background-position":"center center","background-size":"auto","background-attachment":"scroll","background-type":"","background-media":"","overlay-type":"","overlay-color":"","overlay-opacity":"","overlay-gradient":""}},"ast-content-background-meta":{"desktop":{"background-color":"var(--ast-global-color-5)","background-image":"","background-repeat":"repeat","background-position":"center center","background-size":"auto","background-attachment":"scroll","background-type":"","background-media":"","overlay-type":"","overlay-color":"","overlay-opacity":"","overlay-gradient":""},"tablet":{"background-color":"var(--ast-global-color-5)","background-image":"","background-repeat":"repeat","background-position":"center center","background-size":"auto","background-attachment":"scroll","background-type":"","background-media":"","overlay-type":"","overlay-color":"","overlay-opacity":"","overlay-gradient":""},"mobile":{"background-color":"var(--ast-global-color-5)","background-image":"","background-repeat":"repeat","background-position":"center center","background-size":"auto","background-attachment":"scroll","background-type":"","background-media":"","overlay-type":"","overlay-color":"","overlay-opacity":"","overlay-gradient":""}},"_EventAllDay":false,"_EventTimezone":"","_EventStartDate":"","_EventEndDate":"","_EventStartDateUTC":"","_EventEndDateUTC":"","_EventShowMap":false,"_EventShowMapLink":false,"_EventURL":"","_EventCost":"","_EventCostDescription":"","_EventCurrencySymbol":"","_EventCurrencyCode":"","_EventCurrencyPosition":"","_EventDateTimeSeparator":"","_EventTimeRangeSeparator":"","_EventOrganizerID":[],"_EventVenueID":[],"_OrganizerEmail":"","_OrganizerPhone":"","_OrganizerWebsite":"","_VenueAddress":"","_VenueCity":"","_VenueCountry":"","_VenueProvince":"","_VenueState":"","_VenueZip":"","_VenuePhone":"","_VenueURL":"","_VenueStateProvince":"","_VenueLat":"","_VenueLng":"","_VenueShowMap":false,"_VenueShowMapLink":false,"footnotes":""},"class_list":["post-11","page","type-page","status-publish","hentry"],"yoast_head":"<!-- This site is optimized with the Yoast SEO plugin v27.1.1 - https:\/\/yoast.com\/product\/yoast-seo-wordpress\/ -->\n<title>Die Sch\u00fctzengesellschaft Gscheuerwand -<\/title>\n<meta name=\"robots\" content=\"index, follow, max-snippet:-1, max-image-preview:large, max-video-preview:-1\" \/>\n<link rel=\"canonical\" href=\"https:\/\/gscheuerwand.de\/SGG23\/\" \/>\n<meta property=\"og:locale\" content=\"de_DE\" \/>\n<meta property=\"og:type\" content=\"article\" \/>\n<meta property=\"og:title\" content=\"Die Sch\u00fctzengesellschaft Gscheuerwand -\" \/>\n<meta property=\"og:description\" content=\"Im Jahr 1872 gr\u00fcndeten die Mitglieder die damalige &#8222;Zimmerstutzengesellschaft&#8220;, die heute Sch\u00fctzengesellschaft Gscheuerwand in Unterw\u00f6ssen. Die Mitglieder betreiben den Luftgewehr- und Luftpistolensport. Im Jahr 1986 wurde im Obergeschoss des Unterw\u00f6ssner [&hellip;]\" \/>\n<meta property=\"og:url\" content=\"https:\/\/gscheuerwand.de\/SGG23\/\" \/>\n<meta property=\"article:modified_time\" content=\"2026-03-11T12:05:09+00:00\" \/>\n<meta property=\"og:image\" content=\"https:\/\/gscheuerwand.de\/SGG23\/wp-content\/uploads\/2023\/11\/Gscheuerwand-150-Jahre-Festabend-09-scaled.jpg\" \/>\n\t<meta property=\"og:image:width\" content=\"2560\" \/>\n\t<meta property=\"og:image:height\" content=\"1707\" \/>\n\t<meta property=\"og:image:type\" content=\"image\/jpeg\" \/>\n<meta name=\"twitter:card\" content=\"summary_large_image\" \/>\n<meta name=\"twitter:label1\" content=\"Gesch\u00e4tzte Lesezeit\" \/>\n\t<meta name=\"twitter:data1\" content=\"1\u00a0Minute\" \/>\n<script type=\"application\/ld+json\" class=\"yoast-schema-graph\">{\"@context\":\"https:\/\/schema.org\",\"@graph\":[{\"@type\":\"WebPage\",\"@id\":\"https:\/\/gscheuerwand.de\/SGG23\/\",\"url\":\"https:\/\/gscheuerwand.de\/SGG23\/\",\"name\":\"Die Sch\u00fctzengesellschaft Gscheuerwand -\",\"isPartOf\":{\"@id\":\"https:\/\/gscheuerwand.de\/SGG23\/#website\"},\"primaryImageOfPage\":{\"@id\":\"https:\/\/gscheuerwand.de\/SGG23\/#primaryimage\"},\"image\":{\"@id\":\"https:\/\/gscheuerwand.de\/SGG23\/#primaryimage\"},\"thumbnailUrl\":\"http:\/\/gscheuerwand.de\/SGG23\/wp-content\/uploads\/2023\/11\/Gscheuerwand-150-Jahre-Festabend-09-1024x683.jpg\",\"datePublished\":\"2023-11-15T22:10:32+00:00\",\"dateModified\":\"2026-03-11T12:05:09+00:00\",\"breadcrumb\":{\"@id\":\"https:\/\/gscheuerwand.de\/SGG23\/#breadcrumb\"},\"inLanguage\":\"de\",\"potentialAction\":[{\"@type\":\"ReadAction\",\"target\":[\"https:\/\/gscheuerwand.de\/SGG23\/\"]}]},{\"@type\":\"ImageObject\",\"inLanguage\":\"de\",\"@id\":\"https:\/\/gscheuerwand.de\/SGG23\/#primaryimage\",\"url\":\"https:\/\/gscheuerwand.de\/SGG23\/wp-content\/uploads\/2023\/11\/Gscheuerwand-150-Jahre-Festabend-09-scaled.jpg\",\"contentUrl\":\"https:\/\/gscheuerwand.de\/SGG23\/wp-content\/uploads\/2023\/11\/Gscheuerwand-150-Jahre-Festabend-09-scaled.jpg\",\"width\":2560,\"height\":1707},{\"@type\":\"BreadcrumbList\",\"@id\":\"https:\/\/gscheuerwand.de\/SGG23\/#breadcrumb\",\"itemListElement\":[{\"@type\":\"ListItem\",\"position\":1,\"name\":\"Start\",\"item\":\"https:\/\/gscheuerwand.de\/SGG23\/\"},{\"@type\":\"ListItem\",\"position\":2,\"name\":\"Die Sch\u00fctzengesellschaft Gscheuerwand\"}]},{\"@type\":\"WebSite\",\"@id\":\"https:\/\/gscheuerwand.de\/SGG23\/#website\",\"url\":\"https:\/\/gscheuerwand.de\/SGG23\/\",\"name\":\"SG Gscheuerwand\",\"description\":\"Schie\u00dfsport mit Luftgewehr und -pistole\",\"publisher\":{\"@id\":\"https:\/\/gscheuerwand.de\/SGG23\/#organization\"},\"alternateName\":\"Sch\u00fctzengesellschaft Gscheuerwand\",\"potentialAction\":[{\"@type\":\"SearchAction\",\"target\":{\"@type\":\"EntryPoint\",\"urlTemplate\":\"https:\/\/gscheuerwand.de\/SGG23\/?s={search_term_string}\"},\"query-input\":{\"@type\":\"PropertyValueSpecification\",\"valueRequired\":true,\"valueName\":\"search_term_string\"}}],\"inLanguage\":\"de\"},{\"@type\":\"Organization\",\"@id\":\"https:\/\/gscheuerwand.de\/SGG23\/#organization\",\"name\":\"SG Gscheuerwand\",\"url\":\"https:\/\/gscheuerwand.de\/SGG23\/\",\"logo\":{\"@type\":\"ImageObject\",\"inLanguage\":\"de\",\"@id\":\"https:\/\/gscheuerwand.de\/SGG23\/#\/schema\/logo\/image\/\",\"url\":\"https:\/\/gscheuerwand.de\/SGG23\/wp-content\/uploads\/2023\/11\/cropped-cropped-cropped-Gscheuerwand-Logo-5-e1700323909410.png\",\"contentUrl\":\"https:\/\/gscheuerwand.de\/SGG23\/wp-content\/uploads\/2023\/11\/cropped-cropped-cropped-Gscheuerwand-Logo-5-e1700323909410.png\",\"width\":500,\"height\":89,\"caption\":\"SG Gscheuerwand\"},\"image\":{\"@id\":\"https:\/\/gscheuerwand.de\/SGG23\/#\/schema\/logo\/image\/\"}}]}<\/script>\n<!-- \/ Yoast SEO plugin. -->","yoast_head_json":{"title":"Die Sch\u00fctzengesellschaft Gscheuerwand -","robots":{"index":"index","follow":"follow","max-snippet":"max-snippet:-1","max-image-preview":"max-image-preview:large","max-video-preview":"max-video-preview:-1"},"canonical":"https:\/\/gscheuerwand.de\/SGG23\/","og_locale":"de_DE","og_type":"article","og_title":"Die Sch\u00fctzengesellschaft Gscheuerwand -","og_description":"Im Jahr 1872 gr\u00fcndeten die Mitglieder die damalige &#8222;Zimmerstutzengesellschaft&#8220;, die heute Sch\u00fctzengesellschaft Gscheuerwand in Unterw\u00f6ssen. Die Mitglieder betreiben den Luftgewehr- und Luftpistolensport. Im Jahr 1986 wurde im Obergeschoss des Unterw\u00f6ssner [&hellip;]","og_url":"https:\/\/gscheuerwand.de\/SGG23\/","article_modified_time":"2026-03-11T12:05:09+00:00","og_image":[{"width":2560,"height":1707,"url":"https:\/\/gscheuerwand.de\/SGG23\/wp-content\/uploads\/2023\/11\/Gscheuerwand-150-Jahre-Festabend-09-scaled.jpg","type":"image\/jpeg"}],"twitter_card":"summary_large_image","twitter_misc":{"Gesch\u00e4tzte Lesezeit":"1\u00a0Minute"},"schema":{"@context":"https:\/\/schema.org","@graph":[{"@type":"WebPage","@id":"https:\/\/gscheuerwand.de\/SGG23\/","url":"https:\/\/gscheuerwand.de\/SGG23\/","name":"Die Sch\u00fctzengesellschaft Gscheuerwand -","isPartOf":{"@id":"https:\/\/gscheuerwand.de\/SGG23\/#website"},"primaryImageOfPage":{"@id":"https:\/\/gscheuerwand.de\/SGG23\/#primaryimage"},"image":{"@id":"https:\/\/gscheuerwand.de\/SGG23\/#primaryimage"},"thumbnailUrl":"http:\/\/gscheuerwand.de\/SGG23\/wp-content\/uploads\/2023\/11\/Gscheuerwand-150-Jahre-Festabend-09-1024x683.jpg","datePublished":"2023-11-15T22:10:32+00:00","dateModified":"2026-03-11T12:05:09+00:00","breadcrumb":{"@id":"https:\/\/gscheuerwand.de\/SGG23\/#breadcrumb"},"inLanguage":"de","potentialAction":[{"@type":"ReadAction","target":["https:\/\/gscheuerwand.de\/SGG23\/"]}]},{"@type":"ImageObject","inLanguage":"de","@id":"https:\/\/gscheuerwand.de\/SGG23\/#primaryimage","url":"https:\/\/gscheuerwand.de\/SGG23\/wp-content\/uploads\/2023\/11\/Gscheuerwand-150-Jahre-Festabend-09-scaled.jpg","contentUrl":"https:\/\/gscheuerwand.de\/SGG23\/wp-content\/uploads\/2023\/11\/Gscheuerwand-150-Jahre-Festabend-09-scaled.jpg","width":2560,"height":1707},{"@type":"BreadcrumbList","@id":"https:\/\/gscheuerwand.de\/SGG23\/#breadcrumb","itemListElement":[{"@type":"ListItem","position":1,"name":"Start","item":"https:\/\/gscheuerwand.de\/SGG23\/"},{"@type":"ListItem","position":2,"name":"Die Sch\u00fctzengesellschaft Gscheuerwand"}]},{"@type":"WebSite","@id":"https:\/\/gscheuerwand.de\/SGG23\/#website","url":"https:\/\/gscheuerwand.de\/SGG23\/","name":"SG Gscheuerwand","description":"Schie\u00dfsport mit Luftgewehr und -pistole","publisher":{"@id":"https:\/\/gscheuerwand.de\/SGG23\/#organization"},"alternateName":"Sch\u00fctzengesellschaft Gscheuerwand","potentialAction":[{"@type":"SearchAction","target":{"@type":"EntryPoint","urlTemplate":"https:\/\/gscheuerwand.de\/SGG23\/?s={search_term_string}"},"query-input":{"@type":"PropertyValueSpecification","valueRequired":true,"valueName":"search_term_string"}}],"inLanguage":"de"},{"@type":"Organization","@id":"https:\/\/gscheuerwand.de\/SGG23\/#organization","name":"SG Gscheuerwand","url":"https:\/\/gscheuerwand.de\/SGG23\/","logo":{"@type":"ImageObject","inLanguage":"de","@id":"https:\/\/gscheuerwand.de\/SGG23\/#\/schema\/logo\/image\/","url":"https:\/\/gscheuerwand.de\/SGG23\/wp-content\/uploads\/2023\/11\/cropped-cropped-cropped-Gscheuerwand-Logo-5-e1700323909410.png","contentUrl":"https:\/\/gscheuerwand.de\/SGG23\/wp-content\/uploads\/2023\/11\/cropped-cropped-cropped-Gscheuerwand-Logo-5-e1700323909410.png","width":500,"height":89,"caption":"SG Gscheuerwand"},"image":{"@id":"https:\/\/gscheuerwand.de\/SGG23\/#\/schema\/logo\/image\/"}}]}},"_links":{"self":[{"href":"https:\/\/gscheuerwand.de\/SGG23\/wp-json\/wp\/v2\/pages\/11","targetHints":{"allow":["GET"]}}],"collection":[{"href":"https:\/\/gscheuerwand.de\/SGG23\/wp-json\/wp\/v2\/pages"}],"about":[{"href":"https:\/\/gscheuerwand.de\/SGG23\/wp-json\/wp\/v2\/types\/page"}],"author":[{"embeddable":true,"href":"https:\/\/gscheuerwand.de\/SGG23\/wp-json\/wp\/v2\/users\/1"}],"replies":[{"embeddable":true,"href":"https:\/\/gscheuerwand.de\/SGG23\/wp-json\/wp\/v2\/comments?post=11"}],"version-history":[{"count":72,"href":"https:\/\/gscheuerwand.de\/SGG23\/wp-json\/wp\/v2\/pages\/11\/revisions"}],"predecessor-version":[{"id":1553,"href":"https:\/\/gscheuerwand.de\/SGG23\/wp-json\/wp\/v2\/pages\/11\/revisions\/1553"}],"wp:attachment":[{"href":"https:\/\/gscheuerwand.de\/SGG23\/wp-json\/wp\/v2\/media?parent=11"}],"curies":[{"name":"wp","href":"https:\/\/api.w.org\/{rel}","templated":true}]}}