{"id":15,"date":"2023-11-15T23:28:55","date_gmt":"2023-11-15T22:28:55","guid":{"rendered":"http:\/\/gscheuerwand.de\/SGG23\/?page_id=15"},"modified":"2024-02-17T19:00:38","modified_gmt":"2024-02-17T18:00:38","slug":"ueber-uns","status":"publish","type":"page","link":"https:\/\/gscheuerwand.de\/SGG23\/ueber-uns\/","title":{"rendered":"\u00dcber uns"},"content":{"rendered":"\n<div class=\"wp-block-query is-layout-constrained wp-container-core-query-is-layout-12243e0f wp-block-query-is-layout-constrained\">\n<div class=\"wp-block-group alignfull is-vertical is-layout-flex wp-container-core-group-is-layout-fe9cc265 wp-block-group-is-layout-flex\">\n<div class=\"wp-block-columns is-layout-flex wp-container-core-columns-is-layout-28f84493 wp-block-columns-is-layout-flex\">\n<div class=\"wp-block-column is-layout-flow wp-block-column-is-layout-flow\" style=\"flex-basis:100%\"><ul class=\"columns-2 alignfull wp-block-post-template wp-container-content-c9763a5f is-layout-grid wp-container-core-post-template-is-layout-d486d538 wp-block-post-template-is-layout-grid\"><li class=\"wp-block-post post-1416 post type-post status-publish format-standard hentry category-verein tag-bayerischer-sportschuetzenbund tag-brauchtum tag-deutscher-sportschuetzenbund tag-gemeinde-unterwoessen tag-gemeinschaft tag-heimat tag-partner tag-schiesssport tag-schuetzengau-traunstein tag-schuetzengesellschaft-unterwoessen tag-schuetzenverein tag-tradition tag-vereine\">\n\n\n<div class=\"wp-block-post-date wp-container-content-c9763a5f\"><time datetime=\"2024-02-23T10:37:16+01:00\">23. Februar 2024<\/time><\/div>\n\n<h2 style=\"text-transform:none;\" class=\"wp-block-post-title has-medium-font-size\"><a href=\"https:\/\/gscheuerwand.de\/SGG23\/verein\/ausgewaehlte-partner\/\" target=\"_self\" >Ausgew\u00e4hlte Partner<\/a><\/h2>\n<\/li><li class=\"wp-block-post post-1319 post type-post status-publish format-standard has-post-thumbnail hentry category-verein\">\n<figure style=\"width:100%;\" class=\"wp-block-post-featured-image wp-container-content-c9763a5f\"><img loading=\"lazy\" decoding=\"async\" width=\"2560\" height=\"1799\" src=\"https:\/\/gscheuerwand.de\/SGG23\/wp-content\/uploads\/2023\/11\/Gscheuerwand-150-Jahre-Festabend-72-scaled.jpg\" class=\"attachment-post-thumbnail size-post-thumbnail wp-post-image\" alt=\"Festzug aus Anlass des 150-j\u00e4hrigen Bestehens der Sch\u00fctzengesellschaft Gscheuerwand.\" style=\"object-fit:cover;\" srcset=\"https:\/\/gscheuerwand.de\/SGG23\/wp-content\/uploads\/2023\/11\/Gscheuerwand-150-Jahre-Festabend-72-scaled.jpg 2560w, https:\/\/gscheuerwand.de\/SGG23\/wp-content\/uploads\/2023\/11\/Gscheuerwand-150-Jahre-Festabend-72-300x211.jpg 300w, https:\/\/gscheuerwand.de\/SGG23\/wp-content\/uploads\/2023\/11\/Gscheuerwand-150-Jahre-Festabend-72-1024x720.jpg 1024w, https:\/\/gscheuerwand.de\/SGG23\/wp-content\/uploads\/2023\/11\/Gscheuerwand-150-Jahre-Festabend-72-768x540.jpg 768w, https:\/\/gscheuerwand.de\/SGG23\/wp-content\/uploads\/2023\/11\/Gscheuerwand-150-Jahre-Festabend-72-1536x1080.jpg 1536w, https:\/\/gscheuerwand.de\/SGG23\/wp-content\/uploads\/2023\/11\/Gscheuerwand-150-Jahre-Festabend-72-2048x1440.jpg 2048w\" sizes=\"auto, (max-width: 2560px) 100vw, 2560px\" \/><\/figure>\n\n<div class=\"wp-block-post-date\"><time datetime=\"2024-01-29T09:27:39+01:00\">29. Januar 2024<\/time><\/div>\n\n<h2 style=\"text-transform:none;\" class=\"wp-block-post-title has-medium-font-size\"><a href=\"https:\/\/gscheuerwand.de\/SGG23\/verein\/der-verein\/\" target=\"_self\" >der Verein<\/a><\/h2>\n<\/li><li class=\"wp-block-post post-1258 post type-post status-publish format-standard has-post-thumbnail hentry category-verein tag-ausschuss tag-verein tag-vorstandschaft\">\n<figure style=\"width:100%;\" class=\"wp-block-post-featured-image wp-container-content-c9763a5f\"><img loading=\"lazy\" decoding=\"async\" width=\"2560\" height=\"1707\" src=\"https:\/\/gscheuerwand.de\/SGG23\/wp-content\/uploads\/2023\/11\/Gscheuerwand-150-Jahre-Festabend-13-Kopie-scaled.jpg\" class=\"attachment-post-thumbnail size-post-thumbnail wp-post-image\" alt=\"\" style=\"object-fit:cover;\" srcset=\"https:\/\/gscheuerwand.de\/SGG23\/wp-content\/uploads\/2023\/11\/Gscheuerwand-150-Jahre-Festabend-13-Kopie-scaled.jpg 2560w, https:\/\/gscheuerwand.de\/SGG23\/wp-content\/uploads\/2023\/11\/Gscheuerwand-150-Jahre-Festabend-13-Kopie-300x200.jpg 300w, https:\/\/gscheuerwand.de\/SGG23\/wp-content\/uploads\/2023\/11\/Gscheuerwand-150-Jahre-Festabend-13-Kopie-1024x683.jpg 1024w, https:\/\/gscheuerwand.de\/SGG23\/wp-content\/uploads\/2023\/11\/Gscheuerwand-150-Jahre-Festabend-13-Kopie-768x512.jpg 768w, https:\/\/gscheuerwand.de\/SGG23\/wp-content\/uploads\/2023\/11\/Gscheuerwand-150-Jahre-Festabend-13-Kopie-1536x1024.jpg 1536w, https:\/\/gscheuerwand.de\/SGG23\/wp-content\/uploads\/2023\/11\/Gscheuerwand-150-Jahre-Festabend-13-Kopie-2048x1365.jpg 2048w\" sizes=\"auto, (max-width: 2560px) 100vw, 2560px\" \/><\/figure>\n\n<div class=\"wp-block-post-date\"><time datetime=\"2023-11-30T19:42:32+01:00\">30. November 2023<\/time><\/div>\n\n<h2 style=\"text-transform:none;\" class=\"wp-block-post-title has-medium-font-size\"><a href=\"https:\/\/gscheuerwand.de\/SGG23\/verein\/vereinsfuehrung\/\" target=\"_self\" >Vereinsf\u00fchrung<\/a><\/h2>\n<\/li><li class=\"wp-block-post post-1151 post type-post status-publish format-standard has-post-thumbnail hentry category-verein\">\n<figure style=\"width:100%;\" class=\"wp-block-post-featured-image wp-container-content-c9763a5f\"><img loading=\"lazy\" decoding=\"async\" width=\"2560\" height=\"2464\" src=\"https:\/\/gscheuerwand.de\/SGG23\/wp-content\/uploads\/2023\/11\/SG-Gscheuerwand-Schuetzenscheibe-1872-Gruendungsjahr-01-scaled.jpg\" class=\"attachment-post-thumbnail size-post-thumbnail wp-post-image\" alt=\"Die historische Sch\u00fctzenscheibe aus dem Gr\u00fcndungsjahr der SG Gscheuerwand.\" style=\"object-fit:cover;\" srcset=\"https:\/\/gscheuerwand.de\/SGG23\/wp-content\/uploads\/2023\/11\/SG-Gscheuerwand-Schuetzenscheibe-1872-Gruendungsjahr-01-scaled.jpg 2560w, https:\/\/gscheuerwand.de\/SGG23\/wp-content\/uploads\/2023\/11\/SG-Gscheuerwand-Schuetzenscheibe-1872-Gruendungsjahr-01-300x289.jpg 300w, https:\/\/gscheuerwand.de\/SGG23\/wp-content\/uploads\/2023\/11\/SG-Gscheuerwand-Schuetzenscheibe-1872-Gruendungsjahr-01-1024x986.jpg 1024w, https:\/\/gscheuerwand.de\/SGG23\/wp-content\/uploads\/2023\/11\/SG-Gscheuerwand-Schuetzenscheibe-1872-Gruendungsjahr-01-768x739.jpg 768w, https:\/\/gscheuerwand.de\/SGG23\/wp-content\/uploads\/2023\/11\/SG-Gscheuerwand-Schuetzenscheibe-1872-Gruendungsjahr-01-1536x1479.jpg 1536w, https:\/\/gscheuerwand.de\/SGG23\/wp-content\/uploads\/2023\/11\/SG-Gscheuerwand-Schuetzenscheibe-1872-Gruendungsjahr-01-2048x1971.jpg 2048w\" sizes=\"auto, (max-width: 2560px) 100vw, 2560px\" \/><\/figure>\n\n<div class=\"wp-block-post-date\"><time datetime=\"2023-11-20T22:09:26+01:00\">20. November 2023<\/time><\/div>\n\n<h2 style=\"text-transform:none;\" class=\"wp-block-post-title has-medium-font-size\"><a href=\"https:\/\/gscheuerwand.de\/SGG23\/verein\/historie\/\" target=\"_self\" >Historie<\/a><\/h2>\n<\/li><li class=\"wp-block-post post-1041 post type-post status-publish format-standard has-post-thumbnail hentry category-verein\">\n<figure style=\"width:100%;\" class=\"wp-block-post-featured-image wp-container-content-c9763a5f\"><img loading=\"lazy\" decoding=\"async\" width=\"2560\" height=\"1018\" src=\"https:\/\/gscheuerwand.de\/SGG23\/wp-content\/uploads\/2023\/11\/Gscheuerwand-Koenigsschiessen-2023-flach-01-1-scaled.jpg\" class=\"attachment-post-thumbnail size-post-thumbnail wp-post-image\" alt=\"Sch\u00fctzenk\u00f6nige im Sch\u00fctzenjahr 2023\/2024 mit Martin Stocker, Christian Stuffer und Quirin Fritschka\" style=\"object-fit:cover;\" srcset=\"https:\/\/gscheuerwand.de\/SGG23\/wp-content\/uploads\/2023\/11\/Gscheuerwand-Koenigsschiessen-2023-flach-01-1-scaled.jpg 2560w, https:\/\/gscheuerwand.de\/SGG23\/wp-content\/uploads\/2023\/11\/Gscheuerwand-Koenigsschiessen-2023-flach-01-1-300x119.jpg 300w, https:\/\/gscheuerwand.de\/SGG23\/wp-content\/uploads\/2023\/11\/Gscheuerwand-Koenigsschiessen-2023-flach-01-1-1024x407.jpg 1024w, https:\/\/gscheuerwand.de\/SGG23\/wp-content\/uploads\/2023\/11\/Gscheuerwand-Koenigsschiessen-2023-flach-01-1-768x305.jpg 768w, https:\/\/gscheuerwand.de\/SGG23\/wp-content\/uploads\/2023\/11\/Gscheuerwand-Koenigsschiessen-2023-flach-01-1-1536x611.jpg 1536w, https:\/\/gscheuerwand.de\/SGG23\/wp-content\/uploads\/2023\/11\/Gscheuerwand-Koenigsschiessen-2023-flach-01-1-2048x814.jpg 2048w\" sizes=\"auto, (max-width: 2560px) 100vw, 2560px\" \/><\/figure>\n\n<div class=\"wp-block-post-date\"><time datetime=\"2023-11-17T21:33:32+01:00\">17. November 2023<\/time><\/div>\n\n<h2 style=\"text-transform:none;\" class=\"wp-block-post-title has-medium-font-size\"><a href=\"https:\/\/gscheuerwand.de\/SGG23\/verein\/schuetzenkoeniginnen-und-koenige\/\" target=\"_self\" >Sch\u00fctzenk\u00f6niginnen und -k\u00f6nige<\/a><\/h2>\n<\/li><\/ul><\/div>\n<\/div>\n<\/div>\n\n\n<\/div>\n","protected":false},"excerpt":{"rendered":"","protected":false},"author":1,"featured_media":0,"parent":0,"menu_order":0,"comment_status":"closed","ping_status":"closed","template":"","meta":{"site-sidebar-layout":"default","site-content-layout":"","ast-site-content-layout":"default","site-content-style":"default","site-sidebar-style":"default","ast-global-header-display":"","ast-banner-title-visibility":"","ast-main-header-display":"","ast-hfb-above-header-display":"","ast-hfb-below-header-display":"","ast-hfb-mobile-header-display":"","site-post-title":"","ast-breadcrumbs-content":"","ast-featured-img":"","footer-sml-layout":"","ast-disable-related-posts":"","theme-transparent-header-meta":"","adv-header-id-meta":"","stick-header-meta":"","header-above-stick-meta":"","header-main-stick-meta":"","header-below-stick-meta":"","astra-migrate-meta-layouts":"set","ast-page-background-enabled":"default","ast-page-background-meta":{"desktop":{"background-color":"","background-image":"","background-repeat":"repeat","background-position":"center center","background-size":"auto","background-attachment":"scroll","background-type":"","background-media":"","overlay-type":"","overlay-color":"","overlay-opacity":"","overlay-gradient":""},"tablet":{"background-color":"","background-image":"","background-repeat":"repeat","background-position":"center center","background-size":"auto","background-attachment":"scroll","background-type":"","background-media":"","overlay-type":"","overlay-color":"","overlay-opacity":"","overlay-gradient":""},"mobile":{"background-color":"","background-image":"","background-repeat":"repeat","background-position":"center center","background-size":"auto","background-attachment":"scroll","background-type":"","background-media":"","overlay-type":"","overlay-color":"","overlay-opacity":"","overlay-gradient":""}},"ast-content-background-meta":{"desktop":{"background-color":"var(--ast-global-color-5)","background-image":"","background-repeat":"repeat","background-position":"center center","background-size":"auto","background-attachment":"scroll","background-type":"","background-media":"","overlay-type":"","overlay-color":"","overlay-opacity":"","overlay-gradient":""},"tablet":{"background-color":"var(--ast-global-color-5)","background-image":"","background-repeat":"repeat","background-position":"center center","background-size":"auto","background-attachment":"scroll","background-type":"","background-media":"","overlay-type":"","overlay-color":"","overlay-opacity":"","overlay-gradient":""},"mobile":{"background-color":"var(--ast-global-color-5)","background-image":"","background-repeat":"repeat","background-position":"center center","background-size":"auto","background-attachment":"scroll","background-type":"","background-media":"","overlay-type":"","overlay-color":"","overlay-opacity":"","overlay-gradient":""}},"_EventAllDay":false,"_EventTimezone":"","_EventStartDate":"","_EventEndDate":"","_EventStartDateUTC":"","_EventEndDateUTC":"","_EventShowMap":false,"_EventShowMapLink":false,"_EventURL":"","_EventCost":"","_EventCostDescription":"","_EventCurrencySymbol":"","_EventCurrencyCode":"","_EventCurrencyPosition":"","_EventDateTimeSeparator":"","_EventTimeRangeSeparator":"","_EventOrganizerID":[],"_EventVenueID":[],"_OrganizerEmail":"","_OrganizerPhone":"","_OrganizerWebsite":"","_VenueAddress":"","_VenueCity":"","_VenueCountry":"","_VenueProvince":"","_VenueState":"","_VenueZip":"","_VenuePhone":"","_VenueURL":"","_VenueStateProvince":"","_VenueLat":"","_VenueLng":"","_VenueShowMap":false,"_VenueShowMapLink":false,"footnotes":""},"class_list":["post-15","page","type-page","status-publish","hentry"],"yoast_head":"<!-- This site is optimized with the Yoast SEO plugin v27.1.1 - https:\/\/yoast.com\/product\/yoast-seo-wordpress\/ -->\n<title>\u00dcber uns -<\/title>\n<meta name=\"robots\" content=\"index, follow, max-snippet:-1, max-image-preview:large, max-video-preview:-1\" \/>\n<link rel=\"canonical\" href=\"https:\/\/gscheuerwand.de\/SGG23\/ueber-uns\/\" \/>\n<meta property=\"og:locale\" content=\"de_DE\" \/>\n<meta property=\"og:type\" content=\"article\" \/>\n<meta property=\"og:title\" content=\"\u00dcber uns -\" \/>\n<meta property=\"og:url\" content=\"https:\/\/gscheuerwand.de\/SGG23\/ueber-uns\/\" \/>\n<meta property=\"article:modified_time\" content=\"2024-02-17T18:00:38+00:00\" \/>\n<meta name=\"twitter:card\" content=\"summary_large_image\" \/>\n<script type=\"application\/ld+json\" class=\"yoast-schema-graph\">{\"@context\":\"https:\/\/schema.org\",\"@graph\":[{\"@type\":\"WebPage\",\"@id\":\"https:\/\/gscheuerwand.de\/SGG23\/ueber-uns\/\",\"url\":\"https:\/\/gscheuerwand.de\/SGG23\/ueber-uns\/\",\"name\":\"\u00dcber uns -\",\"isPartOf\":{\"@id\":\"https:\/\/gscheuerwand.de\/SGG23\/#website\"},\"datePublished\":\"2023-11-15T22:28:55+00:00\",\"dateModified\":\"2024-02-17T18:00:38+00:00\",\"breadcrumb\":{\"@id\":\"https:\/\/gscheuerwand.de\/SGG23\/ueber-uns\/#breadcrumb\"},\"inLanguage\":\"de\",\"potentialAction\":[{\"@type\":\"ReadAction\",\"target\":[\"https:\/\/gscheuerwand.de\/SGG23\/ueber-uns\/\"]}]},{\"@type\":\"BreadcrumbList\",\"@id\":\"https:\/\/gscheuerwand.de\/SGG23\/ueber-uns\/#breadcrumb\",\"itemListElement\":[{\"@type\":\"ListItem\",\"position\":1,\"name\":\"Start\",\"item\":\"https:\/\/gscheuerwand.de\/SGG23\/\"},{\"@type\":\"ListItem\",\"position\":2,\"name\":\"\u00dcber uns\"}]},{\"@type\":\"WebSite\",\"@id\":\"https:\/\/gscheuerwand.de\/SGG23\/#website\",\"url\":\"https:\/\/gscheuerwand.de\/SGG23\/\",\"name\":\"SG Gscheuerwand\",\"description\":\"Schie\u00dfsport mit Luftgewehr und -pistole\",\"publisher\":{\"@id\":\"https:\/\/gscheuerwand.de\/SGG23\/#organization\"},\"alternateName\":\"Sch\u00fctzengesellschaft Gscheuerwand\",\"potentialAction\":[{\"@type\":\"SearchAction\",\"target\":{\"@type\":\"EntryPoint\",\"urlTemplate\":\"https:\/\/gscheuerwand.de\/SGG23\/?s={search_term_string}\"},\"query-input\":{\"@type\":\"PropertyValueSpecification\",\"valueRequired\":true,\"valueName\":\"search_term_string\"}}],\"inLanguage\":\"de\"},{\"@type\":\"Organization\",\"@id\":\"https:\/\/gscheuerwand.de\/SGG23\/#organization\",\"name\":\"SG Gscheuerwand\",\"url\":\"https:\/\/gscheuerwand.de\/SGG23\/\",\"logo\":{\"@type\":\"ImageObject\",\"inLanguage\":\"de\",\"@id\":\"https:\/\/gscheuerwand.de\/SGG23\/#\/schema\/logo\/image\/\",\"url\":\"https:\/\/gscheuerwand.de\/SGG23\/wp-content\/uploads\/2023\/11\/cropped-cropped-cropped-Gscheuerwand-Logo-5-e1700323909410.png\",\"contentUrl\":\"https:\/\/gscheuerwand.de\/SGG23\/wp-content\/uploads\/2023\/11\/cropped-cropped-cropped-Gscheuerwand-Logo-5-e1700323909410.png\",\"width\":500,\"height\":89,\"caption\":\"SG Gscheuerwand\"},\"image\":{\"@id\":\"https:\/\/gscheuerwand.de\/SGG23\/#\/schema\/logo\/image\/\"}}]}<\/script>\n<!-- \/ Yoast SEO plugin. -->","yoast_head_json":{"title":"\u00dcber uns -","robots":{"index":"index","follow":"follow","max-snippet":"max-snippet:-1","max-image-preview":"max-image-preview:large","max-video-preview":"max-video-preview:-1"},"canonical":"https:\/\/gscheuerwand.de\/SGG23\/ueber-uns\/","og_locale":"de_DE","og_type":"article","og_title":"\u00dcber uns -","og_url":"https:\/\/gscheuerwand.de\/SGG23\/ueber-uns\/","article_modified_time":"2024-02-17T18:00:38+00:00","twitter_card":"summary_large_image","schema":{"@context":"https:\/\/schema.org","@graph":[{"@type":"WebPage","@id":"https:\/\/gscheuerwand.de\/SGG23\/ueber-uns\/","url":"https:\/\/gscheuerwand.de\/SGG23\/ueber-uns\/","name":"\u00dcber uns -","isPartOf":{"@id":"https:\/\/gscheuerwand.de\/SGG23\/#website"},"datePublished":"2023-11-15T22:28:55+00:00","dateModified":"2024-02-17T18:00:38+00:00","breadcrumb":{"@id":"https:\/\/gscheuerwand.de\/SGG23\/ueber-uns\/#breadcrumb"},"inLanguage":"de","potentialAction":[{"@type":"ReadAction","target":["https:\/\/gscheuerwand.de\/SGG23\/ueber-uns\/"]}]},{"@type":"BreadcrumbList","@id":"https:\/\/gscheuerwand.de\/SGG23\/ueber-uns\/#breadcrumb","itemListElement":[{"@type":"ListItem","position":1,"name":"Start","item":"https:\/\/gscheuerwand.de\/SGG23\/"},{"@type":"ListItem","position":2,"name":"\u00dcber uns"}]},{"@type":"WebSite","@id":"https:\/\/gscheuerwand.de\/SGG23\/#website","url":"https:\/\/gscheuerwand.de\/SGG23\/","name":"SG Gscheuerwand","description":"Schie\u00dfsport mit Luftgewehr und -pistole","publisher":{"@id":"https:\/\/gscheuerwand.de\/SGG23\/#organization"},"alternateName":"Sch\u00fctzengesellschaft Gscheuerwand","potentialAction":[{"@type":"SearchAction","target":{"@type":"EntryPoint","urlTemplate":"https:\/\/gscheuerwand.de\/SGG23\/?s={search_term_string}"},"query-input":{"@type":"PropertyValueSpecification","valueRequired":true,"valueName":"search_term_string"}}],"inLanguage":"de"},{"@type":"Organization","@id":"https:\/\/gscheuerwand.de\/SGG23\/#organization","name":"SG Gscheuerwand","url":"https:\/\/gscheuerwand.de\/SGG23\/","logo":{"@type":"ImageObject","inLanguage":"de","@id":"https:\/\/gscheuerwand.de\/SGG23\/#\/schema\/logo\/image\/","url":"https:\/\/gscheuerwand.de\/SGG23\/wp-content\/uploads\/2023\/11\/cropped-cropped-cropped-Gscheuerwand-Logo-5-e1700323909410.png","contentUrl":"https:\/\/gscheuerwand.de\/SGG23\/wp-content\/uploads\/2023\/11\/cropped-cropped-cropped-Gscheuerwand-Logo-5-e1700323909410.png","width":500,"height":89,"caption":"SG Gscheuerwand"},"image":{"@id":"https:\/\/gscheuerwand.de\/SGG23\/#\/schema\/logo\/image\/"}}]}},"_links":{"self":[{"href":"https:\/\/gscheuerwand.de\/SGG23\/wp-json\/wp\/v2\/pages\/15","targetHints":{"allow":["GET"]}}],"collection":[{"href":"https:\/\/gscheuerwand.de\/SGG23\/wp-json\/wp\/v2\/pages"}],"about":[{"href":"https:\/\/gscheuerwand.de\/SGG23\/wp-json\/wp\/v2\/types\/page"}],"author":[{"embeddable":true,"href":"https:\/\/gscheuerwand.de\/SGG23\/wp-json\/wp\/v2\/users\/1"}],"replies":[{"embeddable":true,"href":"https:\/\/gscheuerwand.de\/SGG23\/wp-json\/wp\/v2\/comments?post=15"}],"version-history":[{"count":31,"href":"https:\/\/gscheuerwand.de\/SGG23\/wp-json\/wp\/v2\/pages\/15\/revisions"}],"predecessor-version":[{"id":1351,"href":"https:\/\/gscheuerwand.de\/SGG23\/wp-json\/wp\/v2\/pages\/15\/revisions\/1351"}],"wp:attachment":[{"href":"https:\/\/gscheuerwand.de\/SGG23\/wp-json\/wp\/v2\/media?parent=15"}],"curies":[{"name":"wp","href":"https:\/\/api.w.org\/{rel}","templated":true}]}}