{"id":70,"date":"2023-11-16T16:45:05","date_gmt":"2023-11-16T15:45:05","guid":{"rendered":"http:\/\/gscheuerwand.de\/SGG23\/?page_id=70"},"modified":"2024-01-29T09:19:02","modified_gmt":"2024-01-29T08:19:02","slug":"impressum","status":"publish","type":"page","link":"https:\/\/gscheuerwand.de\/SGG23\/impressum\/","title":{"rendered":"Impressum"},"content":{"rendered":"\n<div class=\"wp-block-columns is-layout-flex wp-container-core-columns-is-layout-28f84493 wp-block-columns-is-layout-flex\">\n<div class=\"wp-block-column is-layout-flow wp-block-column-is-layout-flow\">\n<h4 class=\"wp-block-heading\">Angaben gem\u00e4\u00df \u00a7 5 TMG<\/h4>\n\n\n\n<p><strong>Sch\u00fctzengesellschaft &#8222;Gscheuerwand&#8220; <\/strong><br><strong>Unterw\u00f6ssen e. V.<\/strong><br>eingetragener Verein<\/p>\n\n\n\n<p>Hauptstra\u00dfe 91, 83246 Unterw\u00f6ssen,<br>Telefon 08641 \/    , E-Mail info@gscheuerwand.de<\/p>\n\n\n\n<p>vertreten durch die Vorsitzende und Sch\u00fctzenmeisterin<br>Gabi Daxenberger-Wieland, ebenda. <\/p>\n<\/div>\n\n\n\n<div class=\"wp-block-column is-layout-flow wp-block-column-is-layout-flow\">\n<div style=\"height:51px\" aria-hidden=\"true\" class=\"wp-block-spacer\"><\/div>\n\n\n\n<p>Eingetragen beim Registergericht<br>Amtsgericht Traunstein, VR 155<\/p>\n\n\n\n<p>Inhaltlich verantwortlich <br>im Sinne des \u00a7 18 MStV:<br>Ludwig Flug<br>Windseestra\u00dfe 4a, 83246 Untew\u00f6ssen,<br>Telefon 08641 \/ 591 443, E-Mail webmaster@gscheuerwand.de<\/p>\n<\/div>\n<\/div>\n\n\n\n<p><\/p>\n","protected":false},"excerpt":{"rendered":"<p>Angaben gem\u00e4\u00df \u00a7 5 TMG Sch\u00fctzengesellschaft &#8222;Gscheuerwand&#8220; Unterw\u00f6ssen e. V.eingetragener Verein Hauptstra\u00dfe 91, 83246 Unterw\u00f6ssen,Telefon 08641 \/ , E-Mail info@gscheuerwand.de vertreten durch die Vorsitzende und Sch\u00fctzenmeisterinGabi Daxenberger-Wieland, ebenda. Eingetragen beim [&hellip;]<\/p>\n","protected":false},"author":1,"featured_media":0,"parent":0,"menu_order":0,"comment_status":"closed","ping_status":"closed","template":"","meta":{"site-sidebar-layout":"default","site-content-layout":"","ast-site-content-layout":"default","site-content-style":"default","site-sidebar-style":"default","ast-global-header-display":"","ast-banner-title-visibility":"","ast-main-header-display":"","ast-hfb-above-header-display":"","ast-hfb-below-header-display":"","ast-hfb-mobile-header-display":"","site-post-title":"","ast-breadcrumbs-content":"","ast-featured-img":"","footer-sml-layout":"","ast-disable-related-posts":"","theme-transparent-header-meta":"","adv-header-id-meta":"","stick-header-meta":"","header-above-stick-meta":"","header-main-stick-meta":"","header-below-stick-meta":"","astra-migrate-meta-layouts":"set","ast-page-background-enabled":"default","ast-page-background-meta":{"desktop":{"background-color":"","background-image":"","background-repeat":"repeat","background-position":"center center","background-size":"auto","background-attachment":"scroll","background-type":"","background-media":"","overlay-type":"","overlay-color":"","overlay-opacity":"","overlay-gradient":""},"tablet":{"background-color":"","background-image":"","background-repeat":"repeat","background-position":"center center","background-size":"auto","background-attachment":"scroll","background-type":"","background-media":"","overlay-type":"","overlay-color":"","overlay-opacity":"","overlay-gradient":""},"mobile":{"background-color":"","background-image":"","background-repeat":"repeat","background-position":"center center","background-size":"auto","background-attachment":"scroll","background-type":"","background-media":"","overlay-type":"","overlay-color":"","overlay-opacity":"","overlay-gradient":""}},"ast-content-background-meta":{"desktop":{"background-color":"var(--ast-global-color-5)","background-image":"","background-repeat":"repeat","background-position":"center center","background-size":"auto","background-attachment":"scroll","background-type":"","background-media":"","overlay-type":"","overlay-color":"","overlay-opacity":"","overlay-gradient":""},"tablet":{"background-color":"var(--ast-global-color-5)","background-image":"","background-repeat":"repeat","background-position":"center center","background-size":"auto","background-attachment":"scroll","background-type":"","background-media":"","overlay-type":"","overlay-color":"","overlay-opacity":"","overlay-gradient":""},"mobile":{"background-color":"var(--ast-global-color-5)","background-image":"","background-repeat":"repeat","background-position":"center center","background-size":"auto","background-attachment":"scroll","background-type":"","background-media":"","overlay-type":"","overlay-color":"","overlay-opacity":"","overlay-gradient":""}},"_EventAllDay":false,"_EventTimezone":"","_EventStartDate":"","_EventEndDate":"","_EventStartDateUTC":"","_EventEndDateUTC":"","_EventShowMap":false,"_EventShowMapLink":false,"_EventURL":"","_EventCost":"","_EventCostDescription":"","_EventCurrencySymbol":"","_EventCurrencyCode":"","_EventCurrencyPosition":"","_EventDateTimeSeparator":"","_EventTimeRangeSeparator":"","_EventOrganizerID":[],"_EventVenueID":[],"_OrganizerEmail":"","_OrganizerPhone":"","_OrganizerWebsite":"","_VenueAddress":"","_VenueCity":"","_VenueCountry":"","_VenueProvince":"","_VenueState":"","_VenueZip":"","_VenuePhone":"","_VenueURL":"","_VenueStateProvince":"","_VenueLat":"","_VenueLng":"","_VenueShowMap":false,"_VenueShowMapLink":false,"footnotes":""},"class_list":["post-70","page","type-page","status-publish","hentry"],"yoast_head":"<!-- This site is optimized with the Yoast SEO plugin v27.1.1 - https:\/\/yoast.com\/product\/yoast-seo-wordpress\/ -->\n<title>Impressum -<\/title>\n<meta name=\"robots\" content=\"index, follow, max-snippet:-1, max-image-preview:large, max-video-preview:-1\" \/>\n<link rel=\"canonical\" href=\"https:\/\/gscheuerwand.de\/SGG23\/impressum\/\" \/>\n<meta property=\"og:locale\" content=\"de_DE\" \/>\n<meta property=\"og:type\" content=\"article\" \/>\n<meta property=\"og:title\" content=\"Impressum -\" \/>\n<meta property=\"og:description\" content=\"Angaben gem\u00e4\u00df \u00a7 5 TMG Sch\u00fctzengesellschaft &#8222;Gscheuerwand&#8220; Unterw\u00f6ssen e. V.eingetragener Verein Hauptstra\u00dfe 91, 83246 Unterw\u00f6ssen,Telefon 08641 \/ , E-Mail info@gscheuerwand.de vertreten durch die Vorsitzende und Sch\u00fctzenmeisterinGabi Daxenberger-Wieland, ebenda. Eingetragen beim [&hellip;]\" \/>\n<meta property=\"og:url\" content=\"https:\/\/gscheuerwand.de\/SGG23\/impressum\/\" \/>\n<meta property=\"article:modified_time\" content=\"2024-01-29T08:19:02+00:00\" \/>\n<meta name=\"twitter:card\" content=\"summary_large_image\" \/>\n<script type=\"application\/ld+json\" class=\"yoast-schema-graph\">{\"@context\":\"https:\/\/schema.org\",\"@graph\":[{\"@type\":\"WebPage\",\"@id\":\"https:\/\/gscheuerwand.de\/SGG23\/impressum\/\",\"url\":\"https:\/\/gscheuerwand.de\/SGG23\/impressum\/\",\"name\":\"Impressum -\",\"isPartOf\":{\"@id\":\"https:\/\/gscheuerwand.de\/SGG23\/#website\"},\"datePublished\":\"2023-11-16T15:45:05+00:00\",\"dateModified\":\"2024-01-29T08:19:02+00:00\",\"breadcrumb\":{\"@id\":\"https:\/\/gscheuerwand.de\/SGG23\/impressum\/#breadcrumb\"},\"inLanguage\":\"de\",\"potentialAction\":[{\"@type\":\"ReadAction\",\"target\":[\"https:\/\/gscheuerwand.de\/SGG23\/impressum\/\"]}]},{\"@type\":\"BreadcrumbList\",\"@id\":\"https:\/\/gscheuerwand.de\/SGG23\/impressum\/#breadcrumb\",\"itemListElement\":[{\"@type\":\"ListItem\",\"position\":1,\"name\":\"Start\",\"item\":\"https:\/\/gscheuerwand.de\/SGG23\/\"},{\"@type\":\"ListItem\",\"position\":2,\"name\":\"Impressum\"}]},{\"@type\":\"WebSite\",\"@id\":\"https:\/\/gscheuerwand.de\/SGG23\/#website\",\"url\":\"https:\/\/gscheuerwand.de\/SGG23\/\",\"name\":\"SG Gscheuerwand\",\"description\":\"Schie\u00dfsport mit Luftgewehr und -pistole\",\"publisher\":{\"@id\":\"https:\/\/gscheuerwand.de\/SGG23\/#organization\"},\"alternateName\":\"Sch\u00fctzengesellschaft Gscheuerwand\",\"potentialAction\":[{\"@type\":\"SearchAction\",\"target\":{\"@type\":\"EntryPoint\",\"urlTemplate\":\"https:\/\/gscheuerwand.de\/SGG23\/?s={search_term_string}\"},\"query-input\":{\"@type\":\"PropertyValueSpecification\",\"valueRequired\":true,\"valueName\":\"search_term_string\"}}],\"inLanguage\":\"de\"},{\"@type\":\"Organization\",\"@id\":\"https:\/\/gscheuerwand.de\/SGG23\/#organization\",\"name\":\"SG Gscheuerwand\",\"url\":\"https:\/\/gscheuerwand.de\/SGG23\/\",\"logo\":{\"@type\":\"ImageObject\",\"inLanguage\":\"de\",\"@id\":\"https:\/\/gscheuerwand.de\/SGG23\/#\/schema\/logo\/image\/\",\"url\":\"https:\/\/gscheuerwand.de\/SGG23\/wp-content\/uploads\/2023\/11\/cropped-cropped-cropped-Gscheuerwand-Logo-5-e1700323909410.png\",\"contentUrl\":\"https:\/\/gscheuerwand.de\/SGG23\/wp-content\/uploads\/2023\/11\/cropped-cropped-cropped-Gscheuerwand-Logo-5-e1700323909410.png\",\"width\":500,\"height\":89,\"caption\":\"SG Gscheuerwand\"},\"image\":{\"@id\":\"https:\/\/gscheuerwand.de\/SGG23\/#\/schema\/logo\/image\/\"}}]}<\/script>\n<!-- \/ Yoast SEO plugin. -->","yoast_head_json":{"title":"Impressum -","robots":{"index":"index","follow":"follow","max-snippet":"max-snippet:-1","max-image-preview":"max-image-preview:large","max-video-preview":"max-video-preview:-1"},"canonical":"https:\/\/gscheuerwand.de\/SGG23\/impressum\/","og_locale":"de_DE","og_type":"article","og_title":"Impressum -","og_description":"Angaben gem\u00e4\u00df \u00a7 5 TMG Sch\u00fctzengesellschaft &#8222;Gscheuerwand&#8220; Unterw\u00f6ssen e. V.eingetragener Verein Hauptstra\u00dfe 91, 83246 Unterw\u00f6ssen,Telefon 08641 \/ , E-Mail info@gscheuerwand.de vertreten durch die Vorsitzende und Sch\u00fctzenmeisterinGabi Daxenberger-Wieland, ebenda. Eingetragen beim [&hellip;]","og_url":"https:\/\/gscheuerwand.de\/SGG23\/impressum\/","article_modified_time":"2024-01-29T08:19:02+00:00","twitter_card":"summary_large_image","schema":{"@context":"https:\/\/schema.org","@graph":[{"@type":"WebPage","@id":"https:\/\/gscheuerwand.de\/SGG23\/impressum\/","url":"https:\/\/gscheuerwand.de\/SGG23\/impressum\/","name":"Impressum -","isPartOf":{"@id":"https:\/\/gscheuerwand.de\/SGG23\/#website"},"datePublished":"2023-11-16T15:45:05+00:00","dateModified":"2024-01-29T08:19:02+00:00","breadcrumb":{"@id":"https:\/\/gscheuerwand.de\/SGG23\/impressum\/#breadcrumb"},"inLanguage":"de","potentialAction":[{"@type":"ReadAction","target":["https:\/\/gscheuerwand.de\/SGG23\/impressum\/"]}]},{"@type":"BreadcrumbList","@id":"https:\/\/gscheuerwand.de\/SGG23\/impressum\/#breadcrumb","itemListElement":[{"@type":"ListItem","position":1,"name":"Start","item":"https:\/\/gscheuerwand.de\/SGG23\/"},{"@type":"ListItem","position":2,"name":"Impressum"}]},{"@type":"WebSite","@id":"https:\/\/gscheuerwand.de\/SGG23\/#website","url":"https:\/\/gscheuerwand.de\/SGG23\/","name":"SG Gscheuerwand","description":"Schie\u00dfsport mit Luftgewehr und -pistole","publisher":{"@id":"https:\/\/gscheuerwand.de\/SGG23\/#organization"},"alternateName":"Sch\u00fctzengesellschaft Gscheuerwand","potentialAction":[{"@type":"SearchAction","target":{"@type":"EntryPoint","urlTemplate":"https:\/\/gscheuerwand.de\/SGG23\/?s={search_term_string}"},"query-input":{"@type":"PropertyValueSpecification","valueRequired":true,"valueName":"search_term_string"}}],"inLanguage":"de"},{"@type":"Organization","@id":"https:\/\/gscheuerwand.de\/SGG23\/#organization","name":"SG Gscheuerwand","url":"https:\/\/gscheuerwand.de\/SGG23\/","logo":{"@type":"ImageObject","inLanguage":"de","@id":"https:\/\/gscheuerwand.de\/SGG23\/#\/schema\/logo\/image\/","url":"https:\/\/gscheuerwand.de\/SGG23\/wp-content\/uploads\/2023\/11\/cropped-cropped-cropped-Gscheuerwand-Logo-5-e1700323909410.png","contentUrl":"https:\/\/gscheuerwand.de\/SGG23\/wp-content\/uploads\/2023\/11\/cropped-cropped-cropped-Gscheuerwand-Logo-5-e1700323909410.png","width":500,"height":89,"caption":"SG Gscheuerwand"},"image":{"@id":"https:\/\/gscheuerwand.de\/SGG23\/#\/schema\/logo\/image\/"}}]}},"_links":{"self":[{"href":"https:\/\/gscheuerwand.de\/SGG23\/wp-json\/wp\/v2\/pages\/70","targetHints":{"allow":["GET"]}}],"collection":[{"href":"https:\/\/gscheuerwand.de\/SGG23\/wp-json\/wp\/v2\/pages"}],"about":[{"href":"https:\/\/gscheuerwand.de\/SGG23\/wp-json\/wp\/v2\/types\/page"}],"author":[{"embeddable":true,"href":"https:\/\/gscheuerwand.de\/SGG23\/wp-json\/wp\/v2\/users\/1"}],"replies":[{"embeddable":true,"href":"https:\/\/gscheuerwand.de\/SGG23\/wp-json\/wp\/v2\/comments?post=70"}],"version-history":[{"count":6,"href":"https:\/\/gscheuerwand.de\/SGG23\/wp-json\/wp\/v2\/pages\/70\/revisions"}],"predecessor-version":[{"id":1317,"href":"https:\/\/gscheuerwand.de\/SGG23\/wp-json\/wp\/v2\/pages\/70\/revisions\/1317"}],"wp:attachment":[{"href":"https:\/\/gscheuerwand.de\/SGG23\/wp-json\/wp\/v2\/media?parent=70"}],"curies":[{"name":"wp","href":"https:\/\/api.w.org\/{rel}","templated":true}]}}